{"id":15,"date":"2021-09-24T09:11:37","date_gmt":"2021-09-24T09:11:37","guid":{"rendered":"https:\/\/reichs-bildungsamt.de\/?page_id=15"},"modified":"2021-09-24T17:02:46","modified_gmt":"2021-09-24T17:02:46","slug":"willkommen-auf-der-seite-des-reichsbildungsamtes","status":"publish","type":"page","link":"https:\/\/reichs-bildungsamt.de\/","title":{"rendered":"Willkommen auf der Seite des Reichsamt f\u00fcr Bildung, Familie und Erziehung!"},"content":{"rendered":"\n<div class=\"wp-block-image\"><figure class=\"aligncenter size-full\"><img loading=\"lazy\" decoding=\"async\" width=\"450\" height=\"300\" src=\"https:\/\/reichs-bildungsamt.de\/wp-content\/uploads\/2021\/09\/imgStartseite.png\" alt=\"\" class=\"wp-image-16\" srcset=\"https:\/\/reichs-bildungsamt.de\/wp-content\/uploads\/2021\/09\/imgStartseite.png 450w, https:\/\/reichs-bildungsamt.de\/wp-content\/uploads\/2021\/09\/imgStartseite-300x200.png 300w\" sizes=\"auto, (max-width: 450px) 100vw, 450px\" \/><\/figure><\/div>\n\n\n\n<p>Anfang Sommer 2021 haben sich deutsche Patrioten zusammengefunden, um das Deutsche Reich in neuem, zeitgem\u00e4\u00dfen Glanz wieder aufleben zu lassen. Dies hat nichts mit der Weimarer Republik, dem 3. Reich oder dem Gro\u00dfdeutschen Reich zu tun.<br>Es ist die Fortf\u00fchrung der Ideale und der ethischen Werte des Deutschen Reiches auf Grundlage der Verfassung von 1871.<\/p>\n\n\n\n<p>Diese Patrioten haben das Deutsche Reich nach internationalem V\u00f6lkerrecht wiederbelebt und sind legitime Rechtsnachfolger des von Bismarck 1871 (\u00c4nderungsstand 28.10.1918) gegr\u00fcndeten Deutschen Reiches, eines f\u00f6deralistischen parlamentarischen Staates aus verantwortungsvoll denkenden und handelnden Individuen, ohne Parteien und ohne Kaiser.<\/p>\n\n\n\n<p>Derzeit arbeiten diese Patrioten an einer zeitgem\u00e4\u00dfen Neustrukturierung der Reichs\u00e4mter.<\/p>\n\n\n\n<p>Dazu geh\u00f6rt die Reanimierung der alten hohen Kultur im Deutschen Reich durch die Bildungspolitik. Diesem Reichsamt geht es um das gro\u00dfe Gebiet der Bildung, Erziehung und der Familie, deren ideelle Auspr\u00e4gung, die wir zum Besten unsres Volkes wieder in Erinnerung bringen wollen. Es geht um den Ethos bei der Renaissance des Deutschen Reiches.<\/p>\n\n\n\n<p>Staatssekret\u00e4r f\u00fcr Bildung, Erziehung und Familie!<\/p>\n","protected":false},"excerpt":{"rendered":"<p>Anfang Sommer 2021 haben sich deutsche Patrioten zusammengefunden, um das Deutsche Reich in neuem, zeitgem\u00e4\u00dfen Glanz wieder aufleben zu lassen. Dies hat nichts mit der Weimarer Republik, dem 3. Reich oder dem Gro\u00dfdeutschen Reich zu tun.Es ist die Fortf\u00fchrung der Ideale und der ethischen Werte des Deutschen Reiches auf Grundlage der Verfassung von 1871. Diese &#8230; <a title=\"Willkommen auf der Seite des Reichsamt f\u00fcr Bildung, Familie und Erziehung!\" class=\"read-more\" href=\"https:\/\/reichs-bildungsamt.de\/\" aria-label=\"Mehr zu Willkommen auf der Seite des Reichsamt f\u00fcr Bildung, Familie und Erziehung!\">Weiterlesen &#8230;<\/a><\/p>\n","protected":false},"author":1,"featured_media":0,"parent":0,"menu_order":0,"comment_status":"closed","ping_status":"closed","template":"","meta":{"footnotes":""},"class_list":["post-15","page","type-page","status-publish"],"yoast_head":"<!-- This site is optimized with the Yoast SEO plugin v27.5 - https:\/\/yoast.com\/product\/yoast-seo-wordpress\/ -->\n<title>Willkommen auf der Seite des Reichsamt f\u00fcr Bildung, Familie und Erziehung! - Reichsamt f\u00fcr Bildung und Familie<\/title>\n<meta name=\"robots\" content=\"index, follow, max-snippet:-1, max-image-preview:large, max-video-preview:-1\" \/>\n<link rel=\"canonical\" href=\"https:\/\/reichs-bildungsamt.de\/\" \/>\n<meta property=\"og:locale\" content=\"de_DE\" \/>\n<meta property=\"og:type\" content=\"article\" \/>\n<meta property=\"og:title\" content=\"Willkommen auf der Seite des Reichsamt f\u00fcr Bildung, Familie und Erziehung! - Reichsamt f\u00fcr Bildung und Familie\" \/>\n<meta property=\"og:description\" content=\"Anfang Sommer 2021 haben sich deutsche Patrioten zusammengefunden, um das Deutsche Reich in neuem, zeitgem\u00e4\u00dfen Glanz wieder aufleben zu lassen. Dies hat nichts mit der Weimarer Republik, dem 3. Reich oder dem Gro\u00dfdeutschen Reich zu tun.Es ist die Fortf\u00fchrung der Ideale und der ethischen Werte des Deutschen Reiches auf Grundlage der Verfassung von 1871. Diese ... Weiterlesen ...\" \/>\n<meta property=\"og:url\" content=\"https:\/\/reichs-bildungsamt.de\/\" \/>\n<meta property=\"og:site_name\" content=\"Reichsamt f\u00fcr Bildung und Familie\" \/>\n<meta property=\"article:modified_time\" content=\"2021-09-24T17:02:46+00:00\" \/>\n<meta property=\"og:image\" content=\"https:\/\/reichs-bildungsamt.de\/wp-content\/uploads\/2021\/09\/imgStartseite.png\" \/>\n<meta name=\"twitter:card\" content=\"summary_large_image\" \/>\n<meta name=\"twitter:label1\" content=\"Gesch\u00e4tzte Lesezeit\" \/>\n\t<meta name=\"twitter:data1\" content=\"1\u00a0Minute\" \/>\n<script type=\"application\/ld+json\" class=\"yoast-schema-graph\">{\"@context\":\"https:\\\/\\\/schema.org\",\"@graph\":[{\"@type\":\"WebPage\",\"@id\":\"https:\\\/\\\/reichs-bildungsamt.de\\\/\",\"url\":\"https:\\\/\\\/reichs-bildungsamt.de\\\/\",\"name\":\"Willkommen auf der Seite des Reichsamt f\u00fcr Bildung, Familie und Erziehung! - Reichsamt f\u00fcr Bildung und Familie\",\"isPartOf\":{\"@id\":\"https:\\\/\\\/reichs-bildungsamt.de\\\/#website\"},\"primaryImageOfPage\":{\"@id\":\"https:\\\/\\\/reichs-bildungsamt.de\\\/#primaryimage\"},\"image\":{\"@id\":\"https:\\\/\\\/reichs-bildungsamt.de\\\/#primaryimage\"},\"thumbnailUrl\":\"https:\\\/\\\/reichs-bildungsamt.de\\\/wp-content\\\/uploads\\\/2021\\\/09\\\/imgStartseite.png\",\"datePublished\":\"2021-09-24T09:11:37+00:00\",\"dateModified\":\"2021-09-24T17:02:46+00:00\",\"breadcrumb\":{\"@id\":\"https:\\\/\\\/reichs-bildungsamt.de\\\/#breadcrumb\"},\"inLanguage\":\"de\",\"potentialAction\":[{\"@type\":\"ReadAction\",\"target\":[\"https:\\\/\\\/reichs-bildungsamt.de\\\/\"]}]},{\"@type\":\"ImageObject\",\"inLanguage\":\"de\",\"@id\":\"https:\\\/\\\/reichs-bildungsamt.de\\\/#primaryimage\",\"url\":\"https:\\\/\\\/reichs-bildungsamt.de\\\/wp-content\\\/uploads\\\/2021\\\/09\\\/imgStartseite.png\",\"contentUrl\":\"https:\\\/\\\/reichs-bildungsamt.de\\\/wp-content\\\/uploads\\\/2021\\\/09\\\/imgStartseite.png\",\"width\":450,\"height\":300},{\"@type\":\"BreadcrumbList\",\"@id\":\"https:\\\/\\\/reichs-bildungsamt.de\\\/#breadcrumb\",\"itemListElement\":[{\"@type\":\"ListItem\",\"position\":1,\"name\":\"Startseite\",\"item\":\"https:\\\/\\\/reichs-bildungsamt.de\\\/\"},{\"@type\":\"ListItem\",\"position\":2,\"name\":\"Willkommen auf der Seite des Reichsamt f\u00fcr Bildung, Familie und Erziehung!\"}]},{\"@type\":\"WebSite\",\"@id\":\"https:\\\/\\\/reichs-bildungsamt.de\\\/#website\",\"url\":\"https:\\\/\\\/reichs-bildungsamt.de\\\/\",\"name\":\"Reichsamt f\u00fcr Bildung und Familie\",\"description\":\"\",\"publisher\":{\"@id\":\"https:\\\/\\\/reichs-bildungsamt.de\\\/#organization\"},\"potentialAction\":[{\"@type\":\"SearchAction\",\"target\":{\"@type\":\"EntryPoint\",\"urlTemplate\":\"https:\\\/\\\/reichs-bildungsamt.de\\\/?s={search_term_string}\"},\"query-input\":{\"@type\":\"PropertyValueSpecification\",\"valueRequired\":true,\"valueName\":\"search_term_string\"}}],\"inLanguage\":\"de\"},{\"@type\":\"Organization\",\"@id\":\"https:\\\/\\\/reichs-bildungsamt.de\\\/#organization\",\"name\":\"Reichsamt f\u00fcr Bildung und Familie\",\"url\":\"https:\\\/\\\/reichs-bildungsamt.de\\\/\",\"logo\":{\"@type\":\"ImageObject\",\"inLanguage\":\"de\",\"@id\":\"https:\\\/\\\/reichs-bildungsamt.de\\\/#\\\/schema\\\/logo\\\/image\\\/\",\"url\":\"https:\\\/\\\/reichs-bildungsamt.de\\\/wp-content\\\/uploads\\\/2021\\\/09\\\/Header.png\",\"contentUrl\":\"https:\\\/\\\/reichs-bildungsamt.de\\\/wp-content\\\/uploads\\\/2021\\\/09\\\/Header.png\",\"width\":1934,\"height\":320,\"caption\":\"Reichsamt f\u00fcr Bildung und Familie\"},\"image\":{\"@id\":\"https:\\\/\\\/reichs-bildungsamt.de\\\/#\\\/schema\\\/logo\\\/image\\\/\"}}]}<\/script>\n<!-- \/ Yoast SEO plugin. -->","yoast_head_json":{"title":"Willkommen auf der Seite des Reichsamt f\u00fcr Bildung, Familie und Erziehung! - Reichsamt f\u00fcr Bildung und Familie","robots":{"index":"index","follow":"follow","max-snippet":"max-snippet:-1","max-image-preview":"max-image-preview:large","max-video-preview":"max-video-preview:-1"},"canonical":"https:\/\/reichs-bildungsamt.de\/","og_locale":"de_DE","og_type":"article","og_title":"Willkommen auf der Seite des Reichsamt f\u00fcr Bildung, Familie und Erziehung! - Reichsamt f\u00fcr Bildung und Familie","og_description":"Anfang Sommer 2021 haben sich deutsche Patrioten zusammengefunden, um das Deutsche Reich in neuem, zeitgem\u00e4\u00dfen Glanz wieder aufleben zu lassen. Dies hat nichts mit der Weimarer Republik, dem 3. Reich oder dem Gro\u00dfdeutschen Reich zu tun.Es ist die Fortf\u00fchrung der Ideale und der ethischen Werte des Deutschen Reiches auf Grundlage der Verfassung von 1871. Diese ... Weiterlesen ...","og_url":"https:\/\/reichs-bildungsamt.de\/","og_site_name":"Reichsamt f\u00fcr Bildung und Familie","article_modified_time":"2021-09-24T17:02:46+00:00","og_image":[{"url":"https:\/\/reichs-bildungsamt.de\/wp-content\/uploads\/2021\/09\/imgStartseite.png","type":"","width":"","height":""}],"twitter_card":"summary_large_image","twitter_misc":{"Gesch\u00e4tzte Lesezeit":"1\u00a0Minute"},"schema":{"@context":"https:\/\/schema.org","@graph":[{"@type":"WebPage","@id":"https:\/\/reichs-bildungsamt.de\/","url":"https:\/\/reichs-bildungsamt.de\/","name":"Willkommen auf der Seite des Reichsamt f\u00fcr Bildung, Familie und Erziehung! - Reichsamt f\u00fcr Bildung und Familie","isPartOf":{"@id":"https:\/\/reichs-bildungsamt.de\/#website"},"primaryImageOfPage":{"@id":"https:\/\/reichs-bildungsamt.de\/#primaryimage"},"image":{"@id":"https:\/\/reichs-bildungsamt.de\/#primaryimage"},"thumbnailUrl":"https:\/\/reichs-bildungsamt.de\/wp-content\/uploads\/2021\/09\/imgStartseite.png","datePublished":"2021-09-24T09:11:37+00:00","dateModified":"2021-09-24T17:02:46+00:00","breadcrumb":{"@id":"https:\/\/reichs-bildungsamt.de\/#breadcrumb"},"inLanguage":"de","potentialAction":[{"@type":"ReadAction","target":["https:\/\/reichs-bildungsamt.de\/"]}]},{"@type":"ImageObject","inLanguage":"de","@id":"https:\/\/reichs-bildungsamt.de\/#primaryimage","url":"https:\/\/reichs-bildungsamt.de\/wp-content\/uploads\/2021\/09\/imgStartseite.png","contentUrl":"https:\/\/reichs-bildungsamt.de\/wp-content\/uploads\/2021\/09\/imgStartseite.png","width":450,"height":300},{"@type":"BreadcrumbList","@id":"https:\/\/reichs-bildungsamt.de\/#breadcrumb","itemListElement":[{"@type":"ListItem","position":1,"name":"Startseite","item":"https:\/\/reichs-bildungsamt.de\/"},{"@type":"ListItem","position":2,"name":"Willkommen auf der Seite des Reichsamt f\u00fcr Bildung, Familie und Erziehung!"}]},{"@type":"WebSite","@id":"https:\/\/reichs-bildungsamt.de\/#website","url":"https:\/\/reichs-bildungsamt.de\/","name":"Reichsamt f\u00fcr Bildung und Familie","description":"","publisher":{"@id":"https:\/\/reichs-bildungsamt.de\/#organization"},"potentialAction":[{"@type":"SearchAction","target":{"@type":"EntryPoint","urlTemplate":"https:\/\/reichs-bildungsamt.de\/?s={search_term_string}"},"query-input":{"@type":"PropertyValueSpecification","valueRequired":true,"valueName":"search_term_string"}}],"inLanguage":"de"},{"@type":"Organization","@id":"https:\/\/reichs-bildungsamt.de\/#organization","name":"Reichsamt f\u00fcr Bildung und Familie","url":"https:\/\/reichs-bildungsamt.de\/","logo":{"@type":"ImageObject","inLanguage":"de","@id":"https:\/\/reichs-bildungsamt.de\/#\/schema\/logo\/image\/","url":"https:\/\/reichs-bildungsamt.de\/wp-content\/uploads\/2021\/09\/Header.png","contentUrl":"https:\/\/reichs-bildungsamt.de\/wp-content\/uploads\/2021\/09\/Header.png","width":1934,"height":320,"caption":"Reichsamt f\u00fcr Bildung und Familie"},"image":{"@id":"https:\/\/reichs-bildungsamt.de\/#\/schema\/logo\/image\/"}}]}},"_links":{"self":[{"href":"https:\/\/reichs-bildungsamt.de\/index.php\/wp-json\/wp\/v2\/pages\/15","targetHints":{"allow":["GET"]}}],"collection":[{"href":"https:\/\/reichs-bildungsamt.de\/index.php\/wp-json\/wp\/v2\/pages"}],"about":[{"href":"https:\/\/reichs-bildungsamt.de\/index.php\/wp-json\/wp\/v2\/types\/page"}],"author":[{"embeddable":true,"href":"https:\/\/reichs-bildungsamt.de\/index.php\/wp-json\/wp\/v2\/users\/1"}],"replies":[{"embeddable":true,"href":"https:\/\/reichs-bildungsamt.de\/index.php\/wp-json\/wp\/v2\/comments?post=15"}],"version-history":[{"count":3,"href":"https:\/\/reichs-bildungsamt.de\/index.php\/wp-json\/wp\/v2\/pages\/15\/revisions"}],"predecessor-version":[{"id":26,"href":"https:\/\/reichs-bildungsamt.de\/index.php\/wp-json\/wp\/v2\/pages\/15\/revisions\/26"}],"wp:attachment":[{"href":"https:\/\/reichs-bildungsamt.de\/index.php\/wp-json\/wp\/v2\/media?parent=15"}],"curies":[{"name":"wp","href":"https:\/\/api.w.org\/{rel}","templated":true}]}}